{"id":50,"date":"2023-02-10T20:48:34","date_gmt":"2023-02-10T20:48:34","guid":{"rendered":"https:\/\/demo-3.zumm.info\/index.php\/about-us\/"},"modified":"2023-04-04T07:26:56","modified_gmt":"2023-04-04T07:26:56","slug":"about-us","status":"publish","type":"page","link":"https:\/\/dugasamrvicama.com\/index.php\/about-us\/","title":{"rendered":"About Us"},"content":{"rendered":"\t\t<div data-elementor-type=\"wp-page\" data-elementor-id=\"50\" class=\"elementor elementor-50\">\n\t\t\t\t\t\t<section class=\"elementor-section elementor-top-section elementor-element elementor-element-4a6678be elementor-section-full_width elementor-section-height-min-height elementor-section-items-stretch elementor-section-content-middle elementor-reverse-tablet elementor-reverse-mobile elementor-section-height-default\" data-id=\"4a6678be\" data-element_type=\"section\" data-e-type=\"section\">\n\t\t\t\t\t\t<div class=\"elementor-container elementor-column-gap-no\">\n\t\t\t\t\t<div class=\"elementor-column elementor-col-50 elementor-top-column elementor-element elementor-element-6beb7cdf\" data-id=\"6beb7cdf\" data-element_type=\"column\" data-e-type=\"column\">\n\t\t\t<div class=\"elementor-widget-wrap elementor-element-populated\">\n\t\t\t\t\t\t<section class=\"elementor-section elementor-inner-section elementor-element elementor-element-3623ef3f elementor-section-full_width elementor-section-height-default elementor-section-height-default\" data-id=\"3623ef3f\" data-element_type=\"section\" data-e-type=\"section\">\n\t\t\t\t\t\t<div class=\"elementor-container elementor-column-gap-no\">\n\t\t\t\t\t<div class=\"elementor-column elementor-col-100 elementor-inner-column elementor-element elementor-element-4f13988f\" data-id=\"4f13988f\" data-element_type=\"column\" data-e-type=\"column\">\n\t\t\t<div class=\"elementor-widget-wrap elementor-element-populated\">\n\t\t\t\t\t\t<div class=\"elementor-element elementor-element-2e662b40 elementor-widget elementor-widget-heading\" data-id=\"2e662b40\" data-element_type=\"widget\" data-e-type=\"widget\" data-widget_type=\"heading.default\">\n\t\t\t\t<div class=\"elementor-widget-container\">\n\t\t\t\t\t<h1 class=\"elementor-heading-title elementor-size-default\">Ukratko o meni\n<\/h1>\t\t\t\t<\/div>\n\t\t\t\t<\/div>\n\t\t\t\t<div class=\"elementor-element elementor-element-b9a65aa elementor-widget elementor-widget-spacer\" data-id=\"b9a65aa\" data-element_type=\"widget\" data-e-type=\"widget\" data-widget_type=\"spacer.default\">\n\t\t\t\t<div class=\"elementor-widget-container\">\n\t\t\t\t\t\t\t<div class=\"elementor-spacer\">\n\t\t\t<div class=\"elementor-spacer-inner\"><\/div>\n\t\t<\/div>\n\t\t\t\t\t\t<\/div>\n\t\t\t\t<\/div>\n\t\t\t\t<div class=\"elementor-element elementor-element-1b7a556 elementor-widget elementor-widget-text-editor\" data-id=\"1b7a556\" data-element_type=\"widget\" data-e-type=\"widget\" data-widget_type=\"text-editor.default\">\n\t\t\t\t<div class=\"elementor-widget-container\">\n\t\t\t\t\t\t\t\t\t<p>Ovdje bih trebala staviti zrcalo ispred sebe, jer te\u0161ko je objektivno pri\u010dati o nekome koga jako voli\u0161.\u00a0To bi zrcalo pokazalo puno mana \u2013 od tvrdoglavosti, brzopletosti, do samopouzdanja koje me \u010desto napusti. Trebala su mi desetlje\u0107a da se prihvatim takvu kakva sam. Nesavr\u0161enu da gora ne mogu biti. Sre\u0107om, dru\u0161tveni standardi su me mazili, pa sam ostvarila sve ono zacrtano za \u017eensko dijete u glavama nekih baba, susjeda, tetki i \u017eenske kompanije. Eto, da ispunimo formu\u2026<\/p><p>Nego sa kim vi to imate posla. Pred vama tipka i ogolit \u0107e svoje misli i \u017eivot, svoje \u017eelje, te\u017enje i snove jedna novinarka, PR-ovka, doktorica znanosti, profesorica na fakultetu\u2026<br \/>U ovom segmentu bloga, sve ovo \u0107e biti nebitno, jer da vas zanima \u0161to ja to profesionalno znam, upisali bi neki studij, pa bih vas semestar ili dva davila do beskraja. Ovako, pi\u0161em o temama koje me bole, kojima se radujem i koje me dr\u017ee na povr\u0161ini da ne potonem. A misli su duboka voda, brzo nas povuku, pa zapnemo u nekom vrtlogu, samelje nas do te mjere da izgubimo sami sebe. Kad nas izbaci van, ne li\u010dimo na onu osobu od prije. Prokletstvo razmi\u0161ljanja\u2026<\/p><p>Nego, vratimo se onim nametnutim dru\u0161tvenim standardima\u2026..<br \/>Imam mu\u017ea i on ima mene. To je legalno, potpisali smo i sad nema nazad. Naprijed mo\u017eemo skupa ili odvojeno. Odolijevamo vremenu ve\u0107 deset godina. Dobro nam ide. Brak nam je kao onaj crti\u0107 \u201eA e to\u201c.\u00a0 Samo \u017eivot\u2026, ali i ljubav, prijateljstvo i privr\u017eenost.<br \/>Ponosna sam mama dvjema predivnim vilama. Jedna je Mrvica, jer smo strepili da li \u0107e joj uop\u0107e srce kucati. Sa 6mm. bila je spremna da nam mahne i ve\u0107 smo znali da je na\u0161e sazvije\u017e\u0111e dobilo svoju zvijezdu. Dali smo joj ime Lucija, jer je donijela svjetlost u tamne kutove na\u0161ih \u017eivota.<\/p><p>Cijelu obitelj upotpunila je jedna mala Duga. Ro\u0111ena nakon puno suza, u jeku pandemije, uz strahove za koje nisam vjerovala da je mogu\u0107e osjetiti. Zove se Elena. Kao djevojka iz stare makedonske pjesme. Ima ne\u0161to gr\u010dko u njoj..<br \/>I opet nam je do\u0161lo svjetlo. Sad smo potpuni. Neka sre\u0107a potraje \u0161to du\u017ee.<br \/>I na kraju, ono spomenarski. Volim \u010ditat, i to jako! Volim kuhat, pa mi kukovi te\u017ee u beskona\u010dno. Volim fotografiju, volim pisat, volim sladoled od vanilije sa karamelom, Leonarda Cohena, planine, snijeg i skijanje\u2026<br \/>Evo, ako u mom zrcalu vidi\u0161 naznake zanimljivih tema i osobu zbog koje te ne\u0107e zaboljet glava dok \u010dita\u0161 njene tekstove, pretplati se na newsletter da te mogu suptilno obavijestit kad ne\u0161to novo stavim na blog.<\/p><p>Radujem se dru\u017eenjima.<br \/>Va\u0161a \u017deljka<\/p>\t\t\t\t\t\t\t\t<\/div>\n\t\t\t\t<\/div>\n\t\t\t\t<div class=\"elementor-element elementor-element-2a01ff2 elementor-align-center elementor-widget elementor-widget-button\" data-id=\"2a01ff2\" data-element_type=\"widget\" data-e-type=\"widget\" data-widget_type=\"button.default\">\n\t\t\t\t<div class=\"elementor-widget-container\">\n\t\t\t\t\t\t\t\t\t<div class=\"elementor-button-wrapper\">\n\t\t\t\t\t<a class=\"elementor-button elementor-button-link elementor-size-md\" href=\"https:\/\/dugasamrvicama.com\/index.php\/contact-us\/\">\n\t\t\t\t\t\t<span class=\"elementor-button-content-wrapper\">\n\t\t\t\t\t\t\t\t\t<span class=\"elementor-button-text\">KONTAKTIRAJ ME<\/span>\n\t\t\t\t\t<\/span>\n\t\t\t\t\t<\/a>\n\t\t\t\t<\/div>\n\t\t\t\t\t\t\t\t<\/div>\n\t\t\t\t<\/div>\n\t\t\t\t<div class=\"elementor-element elementor-element-0293fe2 elementor-widget elementor-widget-spacer\" data-id=\"0293fe2\" data-element_type=\"widget\" data-e-type=\"widget\" data-widget_type=\"spacer.default\">\n\t\t\t\t<div class=\"elementor-widget-container\">\n\t\t\t\t\t\t\t<div class=\"elementor-spacer\">\n\t\t\t<div class=\"elementor-spacer-inner\"><\/div>\n\t\t<\/div>\n\t\t\t\t\t\t<\/div>\n\t\t\t\t<\/div>\n\t\t\t\t\t<\/div>\n\t\t<\/div>\n\t\t\t\t\t<\/div>\n\t\t<\/section>\n\t\t\t\t\t<\/div>\n\t\t<\/div>\n\t\t\t\t<div class=\"elementor-column elementor-col-50 elementor-top-column elementor-element elementor-element-19f08bc0\" data-id=\"19f08bc0\" data-element_type=\"column\" data-e-type=\"column\" data-settings=\"{&quot;background_background&quot;:&quot;classic&quot;}\">\n\t\t\t<div class=\"elementor-widget-wrap elementor-element-populated\">\n\t\t\t\t\t\t<div class=\"elementor-element elementor-element-6880f1b7 elementor-widget elementor-widget-spacer\" data-id=\"6880f1b7\" data-element_type=\"widget\" data-e-type=\"widget\" data-widget_type=\"spacer.default\">\n\t\t\t\t<div class=\"elementor-widget-container\">\n\t\t\t\t\t\t\t<div class=\"elementor-spacer\">\n\t\t\t<div class=\"elementor-spacer-inner\"><\/div>\n\t\t<\/div>\n\t\t\t\t\t\t<\/div>\n\t\t\t\t<\/div>\n\t\t\t\t\t<\/div>\n\t\t<\/div>\n\t\t\t\t\t<\/div>\n\t\t<\/section>\n\t\t\t\t<section class=\"elementor-section elementor-top-section elementor-element elementor-element-7226379 elementor-section-boxed elementor-section-height-default elementor-section-height-default\" data-id=\"7226379\" data-element_type=\"section\" data-e-type=\"section\" data-settings=\"{&quot;background_background&quot;:&quot;classic&quot;}\">\n\t\t\t\t\t\t<div class=\"elementor-container elementor-column-gap-default\">\n\t\t\t\t\t<div class=\"elementor-column elementor-col-100 elementor-top-column elementor-element elementor-element-858f88d\" data-id=\"858f88d\" data-element_type=\"column\" data-e-type=\"column\">\n\t\t\t<div class=\"elementor-widget-wrap elementor-element-populated\">\n\t\t\t\t\t\t<div class=\"elementor-element elementor-element-7fd41db elementor-widget elementor-widget-image\" data-id=\"7fd41db\" data-element_type=\"widget\" data-e-type=\"widget\" data-widget_type=\"image.default\">\n\t\t\t\t<div class=\"elementor-widget-container\">\n\t\t\t\t\t\t\t\t\t\t\t\t\t\t\t<img fetchpriority=\"high\" decoding=\"async\" width=\"300\" height=\"300\" src=\"https:\/\/dugasamrvicama.com\/wp-content\/uploads\/2023\/02\/Mesa-de-trabajo-1-2-300x300.png\" class=\"attachment-medium size-medium wp-image-540\" alt=\"\" srcset=\"https:\/\/dugasamrvicama.com\/wp-content\/uploads\/2023\/02\/Mesa-de-trabajo-1-2-300x300.png 300w, https:\/\/dugasamrvicama.com\/wp-content\/uploads\/2023\/02\/Mesa-de-trabajo-1-2-150x150.png 150w, https:\/\/dugasamrvicama.com\/wp-content\/uploads\/2023\/02\/Mesa-de-trabajo-1-2.png 501w\" sizes=\"(max-width: 300px) 100vw, 300px\" \/>\t\t\t\t\t\t\t\t\t\t\t\t\t\t\t<\/div>\n\t\t\t\t<\/div>\n\t\t\t\t\t<\/div>\n\t\t<\/div>\n\t\t\t\t\t<\/div>\n\t\t<\/section>\n\t\t\t\t<\/div>\n\t\t","protected":false},"excerpt":{"rendered":"<p>Ukratko o meni Ovdje bih trebala staviti zrcalo ispred sebe, jer te\u0161ko je objektivno pri\u010dati o nekome koga jako voli\u0161.\u00a0To bi zrcalo pokazalo puno mana \u2013 od tvrdoglavosti, brzopletosti, do samopouzdanja koje me \u010desto napusti. Trebala su mi desetlje\u0107a da se prihvatim takvu kakva sam. Nesavr\u0161enu da gora ne mogu biti. Sre\u0107om, dru\u0161tveni standardi su [&hellip;]<\/p>\n","protected":false},"author":1,"featured_media":0,"parent":0,"menu_order":0,"comment_status":"closed","ping_status":"closed","template":"elementor_header_footer","meta":{"ocean_post_layout":"","ocean_both_sidebars_style":"","ocean_both_sidebars_content_width":0,"ocean_both_sidebars_sidebars_width":0,"ocean_sidebar":"","ocean_second_sidebar":"","ocean_disable_margins":"enable","ocean_add_body_class":"","ocean_shortcode_before_top_bar":"","ocean_shortcode_after_top_bar":"","ocean_shortcode_before_header":"","ocean_shortcode_after_header":"","ocean_has_shortcode":"","ocean_shortcode_after_title":"","ocean_shortcode_before_footer_widgets":"","ocean_shortcode_after_footer_widgets":"","ocean_shortcode_before_footer_bottom":"","ocean_shortcode_after_footer_bottom":"","ocean_display_top_bar":"default","ocean_display_header":"default","ocean_header_style":"","ocean_center_header_left_menu":"","ocean_custom_header_template":"","ocean_custom_logo":0,"ocean_custom_retina_logo":0,"ocean_custom_logo_max_width":0,"ocean_custom_logo_tablet_max_width":0,"ocean_custom_logo_mobile_max_width":0,"ocean_custom_logo_max_height":0,"ocean_custom_logo_tablet_max_height":0,"ocean_custom_logo_mobile_max_height":0,"ocean_header_custom_menu":"","ocean_menu_typo_font_family":"","ocean_menu_typo_font_subset":"","ocean_menu_typo_font_size":0,"ocean_menu_typo_font_size_tablet":0,"ocean_menu_typo_font_size_mobile":0,"ocean_menu_typo_font_size_unit":"px","ocean_menu_typo_font_weight":"","ocean_menu_typo_font_weight_tablet":"","ocean_menu_typo_font_weight_mobile":"","ocean_menu_typo_transform":"","ocean_menu_typo_transform_tablet":"","ocean_menu_typo_transform_mobile":"","ocean_menu_typo_line_height":0,"ocean_menu_typo_line_height_tablet":0,"ocean_menu_typo_line_height_mobile":0,"ocean_menu_typo_line_height_unit":"","ocean_menu_typo_spacing":0,"ocean_menu_typo_spacing_tablet":0,"ocean_menu_typo_spacing_mobile":0,"ocean_menu_typo_spacing_unit":"","ocean_menu_link_color":"","ocean_menu_link_color_hover":"","ocean_menu_link_color_active":"","ocean_menu_link_background":"","ocean_menu_link_hover_background":"","ocean_menu_link_active_background":"","ocean_menu_social_links_bg":"","ocean_menu_social_hover_links_bg":"","ocean_menu_social_links_color":"","ocean_menu_social_hover_links_color":"","ocean_disable_title":"default","ocean_disable_heading":"default","ocean_post_title":"","ocean_post_subheading":"","ocean_post_title_style":"","ocean_post_title_background_color":"","ocean_post_title_background":0,"ocean_post_title_bg_image_position":"","ocean_post_title_bg_image_attachment":"","ocean_post_title_bg_image_repeat":"","ocean_post_title_bg_image_size":"","ocean_post_title_height":0,"ocean_post_title_bg_overlay":0.5,"ocean_post_title_bg_overlay_color":"","ocean_disable_breadcrumbs":"default","ocean_breadcrumbs_color":"","ocean_breadcrumbs_separator_color":"","ocean_breadcrumbs_links_color":"","ocean_breadcrumbs_links_hover_color":"","ocean_display_footer_widgets":"default","ocean_display_footer_bottom":"default","ocean_custom_footer_template":"","footnotes":""},"class_list":["post-50","page","type-page","status-publish","hentry","entry"],"yoast_head":"<!-- This site is optimized with the Yoast SEO plugin v27.5 - https:\/\/yoast.com\/product\/yoast-seo-wordpress\/ -->\n<title>About Us - Duga sa mrvicama by \u017deljka Peji\u0107 Benko<\/title>\n<meta name=\"robots\" content=\"index, follow, max-snippet:-1, max-image-preview:large, max-video-preview:-1\" \/>\n<link rel=\"canonical\" href=\"https:\/\/dugasamrvicama.com\/index.php\/about-us\/\" \/>\n<meta property=\"og:locale\" content=\"en_US\" \/>\n<meta property=\"og:type\" content=\"article\" \/>\n<meta property=\"og:title\" content=\"About Us - Duga sa mrvicama by \u017deljka Peji\u0107 Benko\" \/>\n<meta property=\"og:description\" content=\"Ukratko o meni Ovdje bih trebala staviti zrcalo ispred sebe, jer te\u0161ko je objektivno pri\u010dati o nekome koga jako voli\u0161.\u00a0To bi zrcalo pokazalo puno mana \u2013 od tvrdoglavosti, brzopletosti, do samopouzdanja koje me \u010desto napusti. Trebala su mi desetlje\u0107a da se prihvatim takvu kakva sam. Nesavr\u0161enu da gora ne mogu biti. Sre\u0107om, dru\u0161tveni standardi su [&hellip;]\" \/>\n<meta property=\"og:url\" content=\"https:\/\/dugasamrvicama.com\/index.php\/about-us\/\" \/>\n<meta property=\"og:site_name\" content=\"Duga sa mrvicama by \u017deljka Peji\u0107 Benko\" \/>\n<meta property=\"article:modified_time\" content=\"2023-04-04T07:26:56+00:00\" \/>\n<meta property=\"og:image\" content=\"http:\/\/demo-3.zumm.info\/wp-content\/uploads\/2023\/02\/Mesa-de-trabajo-1-2-300x300.png\" \/>\n<meta name=\"twitter:card\" content=\"summary_large_image\" \/>\n<meta name=\"twitter:label1\" content=\"Est. reading time\" \/>\n\t<meta name=\"twitter:data1\" content=\"2 minutes\" \/>\n<script type=\"application\/ld+json\" class=\"yoast-schema-graph\">{\"@context\":\"https:\\\/\\\/schema.org\",\"@graph\":[{\"@type\":\"WebPage\",\"@id\":\"https:\\\/\\\/dugasamrvicama.com\\\/index.php\\\/about-us\\\/\",\"url\":\"https:\\\/\\\/dugasamrvicama.com\\\/index.php\\\/about-us\\\/\",\"name\":\"About Us - Duga sa mrvicama by \u017deljka Peji\u0107 Benko\",\"isPartOf\":{\"@id\":\"https:\\\/\\\/dugasamrvicama.com\\\/#website\"},\"primaryImageOfPage\":{\"@id\":\"https:\\\/\\\/dugasamrvicama.com\\\/index.php\\\/about-us\\\/#primaryimage\"},\"image\":{\"@id\":\"https:\\\/\\\/dugasamrvicama.com\\\/index.php\\\/about-us\\\/#primaryimage\"},\"thumbnailUrl\":\"http:\\\/\\\/demo-3.zumm.info\\\/wp-content\\\/uploads\\\/2023\\\/02\\\/Mesa-de-trabajo-1-2-300x300.png\",\"datePublished\":\"2023-02-10T20:48:34+00:00\",\"dateModified\":\"2023-04-04T07:26:56+00:00\",\"breadcrumb\":{\"@id\":\"https:\\\/\\\/dugasamrvicama.com\\\/index.php\\\/about-us\\\/#breadcrumb\"},\"inLanguage\":\"en-US\",\"potentialAction\":[{\"@type\":\"ReadAction\",\"target\":[\"https:\\\/\\\/dugasamrvicama.com\\\/index.php\\\/about-us\\\/\"]}]},{\"@type\":\"ImageObject\",\"inLanguage\":\"en-US\",\"@id\":\"https:\\\/\\\/dugasamrvicama.com\\\/index.php\\\/about-us\\\/#primaryimage\",\"url\":\"http:\\\/\\\/demo-3.zumm.info\\\/wp-content\\\/uploads\\\/2023\\\/02\\\/Mesa-de-trabajo-1-2-300x300.png\",\"contentUrl\":\"http:\\\/\\\/demo-3.zumm.info\\\/wp-content\\\/uploads\\\/2023\\\/02\\\/Mesa-de-trabajo-1-2-300x300.png\"},{\"@type\":\"BreadcrumbList\",\"@id\":\"https:\\\/\\\/dugasamrvicama.com\\\/index.php\\\/about-us\\\/#breadcrumb\",\"itemListElement\":[{\"@type\":\"ListItem\",\"position\":1,\"name\":\"Home\",\"item\":\"https:\\\/\\\/dugasamrvicama.com\\\/\"},{\"@type\":\"ListItem\",\"position\":2,\"name\":\"About Us\"}]},{\"@type\":\"WebSite\",\"@id\":\"https:\\\/\\\/dugasamrvicama.com\\\/#website\",\"url\":\"https:\\\/\\\/dugasamrvicama.com\\\/\",\"name\":\"Duga sa mrvicama by \u017deljka Peji\u0107 Benko\",\"description\":\"Duga Sa Mrvicama\",\"potentialAction\":[{\"@type\":\"SearchAction\",\"target\":{\"@type\":\"EntryPoint\",\"urlTemplate\":\"https:\\\/\\\/dugasamrvicama.com\\\/?s={search_term_string}\"},\"query-input\":{\"@type\":\"PropertyValueSpecification\",\"valueRequired\":true,\"valueName\":\"search_term_string\"}}],\"inLanguage\":\"en-US\"}]}<\/script>\n<!-- \/ Yoast SEO plugin. -->","yoast_head_json":{"title":"About Us - Duga sa mrvicama by \u017deljka Peji\u0107 Benko","robots":{"index":"index","follow":"follow","max-snippet":"max-snippet:-1","max-image-preview":"max-image-preview:large","max-video-preview":"max-video-preview:-1"},"canonical":"https:\/\/dugasamrvicama.com\/index.php\/about-us\/","og_locale":"en_US","og_type":"article","og_title":"About Us - Duga sa mrvicama by \u017deljka Peji\u0107 Benko","og_description":"Ukratko o meni Ovdje bih trebala staviti zrcalo ispred sebe, jer te\u0161ko je objektivno pri\u010dati o nekome koga jako voli\u0161.\u00a0To bi zrcalo pokazalo puno mana \u2013 od tvrdoglavosti, brzopletosti, do samopouzdanja koje me \u010desto napusti. Trebala su mi desetlje\u0107a da se prihvatim takvu kakva sam. Nesavr\u0161enu da gora ne mogu biti. Sre\u0107om, dru\u0161tveni standardi su [&hellip;]","og_url":"https:\/\/dugasamrvicama.com\/index.php\/about-us\/","og_site_name":"Duga sa mrvicama by \u017deljka Peji\u0107 Benko","article_modified_time":"2023-04-04T07:26:56+00:00","og_image":[{"url":"http:\/\/demo-3.zumm.info\/wp-content\/uploads\/2023\/02\/Mesa-de-trabajo-1-2-300x300.png","type":"","width":"","height":""}],"twitter_card":"summary_large_image","twitter_misc":{"Est. reading time":"2 minutes"},"schema":{"@context":"https:\/\/schema.org","@graph":[{"@type":"WebPage","@id":"https:\/\/dugasamrvicama.com\/index.php\/about-us\/","url":"https:\/\/dugasamrvicama.com\/index.php\/about-us\/","name":"About Us - Duga sa mrvicama by \u017deljka Peji\u0107 Benko","isPartOf":{"@id":"https:\/\/dugasamrvicama.com\/#website"},"primaryImageOfPage":{"@id":"https:\/\/dugasamrvicama.com\/index.php\/about-us\/#primaryimage"},"image":{"@id":"https:\/\/dugasamrvicama.com\/index.php\/about-us\/#primaryimage"},"thumbnailUrl":"http:\/\/demo-3.zumm.info\/wp-content\/uploads\/2023\/02\/Mesa-de-trabajo-1-2-300x300.png","datePublished":"2023-02-10T20:48:34+00:00","dateModified":"2023-04-04T07:26:56+00:00","breadcrumb":{"@id":"https:\/\/dugasamrvicama.com\/index.php\/about-us\/#breadcrumb"},"inLanguage":"en-US","potentialAction":[{"@type":"ReadAction","target":["https:\/\/dugasamrvicama.com\/index.php\/about-us\/"]}]},{"@type":"ImageObject","inLanguage":"en-US","@id":"https:\/\/dugasamrvicama.com\/index.php\/about-us\/#primaryimage","url":"http:\/\/demo-3.zumm.info\/wp-content\/uploads\/2023\/02\/Mesa-de-trabajo-1-2-300x300.png","contentUrl":"http:\/\/demo-3.zumm.info\/wp-content\/uploads\/2023\/02\/Mesa-de-trabajo-1-2-300x300.png"},{"@type":"BreadcrumbList","@id":"https:\/\/dugasamrvicama.com\/index.php\/about-us\/#breadcrumb","itemListElement":[{"@type":"ListItem","position":1,"name":"Home","item":"https:\/\/dugasamrvicama.com\/"},{"@type":"ListItem","position":2,"name":"About Us"}]},{"@type":"WebSite","@id":"https:\/\/dugasamrvicama.com\/#website","url":"https:\/\/dugasamrvicama.com\/","name":"Duga sa mrvicama by \u017deljka Peji\u0107 Benko","description":"Duga Sa Mrvicama","potentialAction":[{"@type":"SearchAction","target":{"@type":"EntryPoint","urlTemplate":"https:\/\/dugasamrvicama.com\/?s={search_term_string}"},"query-input":{"@type":"PropertyValueSpecification","valueRequired":true,"valueName":"search_term_string"}}],"inLanguage":"en-US"}]}},"_links":{"self":[{"href":"https:\/\/dugasamrvicama.com\/index.php\/wp-json\/wp\/v2\/pages\/50","targetHints":{"allow":["GET"]}}],"collection":[{"href":"https:\/\/dugasamrvicama.com\/index.php\/wp-json\/wp\/v2\/pages"}],"about":[{"href":"https:\/\/dugasamrvicama.com\/index.php\/wp-json\/wp\/v2\/types\/page"}],"author":[{"embeddable":true,"href":"https:\/\/dugasamrvicama.com\/index.php\/wp-json\/wp\/v2\/users\/1"}],"replies":[{"embeddable":true,"href":"https:\/\/dugasamrvicama.com\/index.php\/wp-json\/wp\/v2\/comments?post=50"}],"version-history":[{"count":81,"href":"https:\/\/dugasamrvicama.com\/index.php\/wp-json\/wp\/v2\/pages\/50\/revisions"}],"predecessor-version":[{"id":823,"href":"https:\/\/dugasamrvicama.com\/index.php\/wp-json\/wp\/v2\/pages\/50\/revisions\/823"}],"wp:attachment":[{"href":"https:\/\/dugasamrvicama.com\/index.php\/wp-json\/wp\/v2\/media?parent=50"}],"curies":[{"name":"wp","href":"https:\/\/api.w.org\/{rel}","templated":true}]}}