{"id":882,"date":"2023-04-06T09:41:23","date_gmt":"2023-04-06T09:41:23","guid":{"rendered":"https:\/\/dugasamrvicama.com\/?page_id=882"},"modified":"2023-04-06T09:44:28","modified_gmt":"2023-04-06T09:44:28","slug":"uvjeti-koristenja","status":"publish","type":"page","link":"https:\/\/dugasamrvicama.com\/index.php\/uvjeti-koristenja\/","title":{"rendered":"Uvjeti kori\u0161tenja"},"content":{"rendered":"\t\t<div data-elementor-type=\"wp-page\" data-elementor-id=\"882\" class=\"elementor elementor-882\">\n\t\t\t\t\t\t<section class=\"elementor-section elementor-top-section elementor-element elementor-element-cd9041e elementor-section-boxed elementor-section-height-default elementor-section-height-default\" data-id=\"cd9041e\" data-element_type=\"section\" data-e-type=\"section\">\n\t\t\t\t\t\t<div class=\"elementor-container elementor-column-gap-default\">\n\t\t\t\t\t<div class=\"elementor-column elementor-col-100 elementor-top-column elementor-element elementor-element-673b6da\" data-id=\"673b6da\" data-element_type=\"column\" data-e-type=\"column\">\n\t\t\t<div class=\"elementor-widget-wrap elementor-element-populated\">\n\t\t\t\t\t\t<div class=\"elementor-element elementor-element-ae88209 elementor-widget elementor-widget-heading\" data-id=\"ae88209\" data-element_type=\"widget\" data-e-type=\"widget\" data-widget_type=\"heading.default\">\n\t\t\t\t<div class=\"elementor-widget-container\">\n\t\t\t\t\t<h2 class=\"elementor-heading-title elementor-size-default\">UVJETI KORI\u0160TENJA<\/h2>\t\t\t\t<\/div>\n\t\t\t\t<\/div>\n\t\t\t\t\t<\/div>\n\t\t<\/div>\n\t\t\t\t\t<\/div>\n\t\t<\/section>\n\t\t\t\t<section class=\"elementor-section elementor-top-section elementor-element elementor-element-94c9c4c elementor-section-boxed elementor-section-height-default elementor-section-height-default\" data-id=\"94c9c4c\" data-element_type=\"section\" data-e-type=\"section\">\n\t\t\t\t\t\t<div class=\"elementor-container elementor-column-gap-default\">\n\t\t\t\t\t<div class=\"elementor-column elementor-col-100 elementor-top-column elementor-element elementor-element-5a01e0b\" data-id=\"5a01e0b\" data-element_type=\"column\" data-e-type=\"column\">\n\t\t\t<div class=\"elementor-widget-wrap elementor-element-populated\">\n\t\t\t\t\t\t<div class=\"elementor-element elementor-element-cccda0b elementor-widget elementor-widget-text-editor\" data-id=\"cccda0b\" data-element_type=\"widget\" data-e-type=\"widget\" data-widget_type=\"text-editor.default\">\n\t\t\t\t<div class=\"elementor-widget-container\">\n\t\t\t\t\t\t\t\t\t<p>UVJETI KORI\u0160TENJA OBJAVLJENOG SADR\u017dAJA SA STRANICE https:\/\/dugasamrvicama.com\/<\/p><p>Posljednje a\u017euriranje 6. travnja 2023. godine<\/p><p><br \/>Dozvoljavam upotrebu u nekomercijalne svrhe mojih objavljenih fotografija.<br \/>Tako\u0111er dozvoljavam kopiranje teksta ukoliko je tekst moje izvorno djelo.<\/p><p>Ne mogu dozvoliti kopiranje i slobodnu upotrebu dijelova stranica koje su izvor tre\u0107e strane, poput teksta ili fotografija sa stranice Wikipedija, Google Maps, Open Weather Map i drugih, ukoliko je sadr\u017eaj za\u0161ti\u0107en od kopiranja od istih stranica.<\/p><p>Nije uvjet ali bi bilo pristojno da uz moj rad, fotografiju ili tekst navedete moje ime ili poveznicu na moju stranicu.<\/p><p><br \/>Ne dozvoljavam upotrebu bilo kojeg dijela teksta, rada ili fotografije u komercijalne svrhe bez moje prethodne dozvole.<\/p><p>Ne dozvoljavam upotrebu mojih radova ili fotografija ako ih potpisujete kao svoje osim uz prethodni dogovor.<br \/>Svaki moj rad ili fotografija je evidentirana u originalnom obliku.<\/p><p>Molila bih da ne izvla\u010dite neki sadr\u017eaj iz konteksta ako je namjera zloupotreba ili krivotvorenje podataka.<br \/>Takav \u0107u poku\u0161aj prijavljivati nadle\u017enim institucijama ili tijelima.<\/p><p><br \/>Ne mogu odgovarati za to\u010dnost podataka koji su preuzeti od tre\u0107e strane.<br \/>U izradi stranica sam nastojao upotrebljavati vlastite elemente ili elemente koje je dozvoljeno dijeliti dalje.<\/p><p><br \/>Imam pravo na svoje mi\u0161ljenje ili stav ukoliko to nije govor mr\u017enje.<br \/>Isto tako imam pravo i na mi\u0161ljenje koje se razlikuje od tu\u0111eg mi\u0161ljenja bez da se opravdavam za to.<\/p><p>\u00a0<\/p><p>\u00a0<\/p><p>POLITIKA KOLA\u010cI\u0106A<br \/><br \/><br \/><\/p><p>UVOD<\/p><p>Micgrafika mo\u017ee koristiti Kola\u010di\u0107e i druge tehnologije pra\u0107enja kada posjetite na\u0161u web stranicu micgrafika.com, uklju\u010duju\u0107i bilo koji drugi oblik medija , medijski kanal, mobilno web mjesto ili mobilnu aplikaciju povezanu s njima kako bi pomogla prilagoditi Web lokaciju i pobolj\u0161ati Va\u0161e iskustvo.<\/p><p>Zadr\u017eavamo pravo na izmjene ovih Pravila Kola\u010di\u0107a u bilo koje vrijeme i iz bilo kojeg razloga. Upozorit \u0107emo Vas na sve promjene a\u017euriranjem datuma \u201ePosljednje a\u017euriranje\u201d ovih Pravila Kola\u010di\u0107a. Sve promjene ili izmjene stupaju na snagu odmah nakon objavljivanja a\u017euriranih Pravila Kola\u010di\u0107a na stranici, a Vi se odri\u010dete prava na primanje posebne obavijesti o svakoj takvoj promjeni ili izmjeni.<\/p><p>Pozivamo Vas da povremeno pregledavate ovu Politiku o Kola\u010di\u0107ima kako biste bili informirani o novostima. Smatrat \u0107e se da ste upoznati s tim i smatrat \u0107e se da ste prihvatili promjene u bilo kojoj revidiranoj Politici Kola\u010di\u0107a Va\u0161om daljnjom uporabom web stranice nakon datuma objavljivanja takve revidirane Politike Kola\u010di\u0107a.<\/p><p><br \/>KORI\u0160TENJE KOLA\u010cI\u0106A<\/p><p>&#8220;Kola\u010di\u0107&#8221; je niz informacija koji vam dodjeljuje jedinstveni identifikator koji pohranjujemo na va\u0161e ra\u010dunalo. Va\u0161 preglednik tada pru\u017ea taj jedinstveni identifikator koji se koristi svaki put kada po\u0161aljete upit na web mjesto. Kola\u010di\u0107e na web mjestu koristimo kako bismo, izme\u0111u ostalog, pratili usluge koje ste koristili, bilje\u017eili podatke o registraciji, bilje\u017eili va\u0161e korisni\u010dke postavke, dr\u017eali vas prijavljenim na web mjesto, olak\u0161avali postupke kupnje ili pratili stranice koje posje\u0107ujete. Kola\u010di\u0107i nam poma\u017eu da shvatimo kako se stranica koristi i pobolj\u0161ati Va\u0161e korisni\u010dko iskustvo.<\/p><p><br \/>VRSTE KOLA\u010cI\u0106A<\/p><p><br \/>Sljede\u0107e vrste Kola\u010di\u0107a mogu se koristiti kada posjetite Web stranicu:<\/p><p>Kola\u010di\u0107i za ogla\u0161avanje<\/p><p>Ogla\u0161iva\u010di i poslu\u017eitelji oglasa na Va\u0161e ra\u010dunalo postavljaju reklamne Kola\u010di\u0107e kako bi se prikazali oglasi koji \u0107e Vas najvjerojatnije zanimati. Ovi Kola\u010di\u0107i omogu\u0107uju ogla\u0161iva\u010dima i poslu\u017eiteljima oglasa da prikupljaju podatke o Va\u0161im posjetima web mjestu i drugim web mjestima, izmjenjuju oglase poslane na odre\u0111eno ra\u010dunalo i prate koliko \u010desto je netko gledao oglas i tko ga pregledavao. Ovi su Kola\u010di\u0107i povezani s ra\u010dunalom i ne prikupljaju nikakve osobne podatke o vama.<\/p><p>Analiti\u010dki Kola\u010di\u0107i<\/p><p>Analiti\u010dki kola\u010di\u0107i nadziru kako su korisnici do\u0161li do web-mjesta te kako komuniciraju i kre\u0107u se jednom po web-mjestu. Ovi Kola\u010di\u0107i daju nam do znanja koje zna\u010dajke na web mjestu rade najbolje i koje se zna\u010dajke na web mjestu mogu pobolj\u0161ati.<\/p><p>Na\u0161i Kola\u010di\u0107i<\/p><p>Na\u0161i su Kola\u010di\u0107i &#8220;Kola\u010di\u0107i prve strane&#8221; i mogu biti trajni ili privremeni. To su nu\u017eni Kola\u010di\u0107i bez kojih Web stranica ne\u0107e raditi ispravno ili mo\u0107i pru\u017eiti odre\u0111ene zna\u010dajke i funkcionalnosti. Neki od njih mogu se ru\u010dno onemogu\u0107iti u va\u0161em pregledniku, ali mogu utjecati na funkcionalnost web mjesta.<\/p><p>Kola\u010di\u0107i za personalizaciju<\/p><p>Kola\u010di\u0107i za personalizaciju koriste se za prepoznavanje ponovljenih posjetitelja web mjesta. Ove Kola\u010di\u0107e koristimo za bilje\u017eenje Va\u0161e povijesti pregledavanja, stranica koje ste posjetili te Va\u0161ih postavki i postavki svaki put kada posjetite web stranicu.<\/p><p>Sigurnosni Kola\u010di\u0107i<\/p><p>Sigurnosni Kola\u010di\u0107i poma\u017eu u prepoznavanju i sprje\u010davanju sigurnosnih rizika. Ove Kola\u010di\u0107e koristimo za autentifikaciju korisnika i za\u0161titu korisni\u010dkih podataka od neovla\u0161tenih strana.<\/p><p>Kola\u010di\u0107i za upravljanje web stranicama<\/p><p>Kola\u010di\u0107i za upravljanje web stranicama koriste se za odr\u017eavanje Va\u0161eg identiteta ili sesije na Web mjestu tako da ne budete odjavljeni neo\u010dekivano, a svi podaci koje unesete zadr\u017eavaju se od stranice do stranice. Ti se Kola\u010di\u0107i ne mogu pojedina\u010dno isklju\u010diti, ali mo\u017eete onemogu\u0107iti sve Kola\u010di\u0107e u svom pregledniku.<\/p><p>Kola\u010di\u0107i tre\u0107e strane<\/p><p>Kola\u010di\u0107i tre\u0107ih strana mogu biti smje\u0161teni na va\u0161em ra\u010dunalu kada posjetite web mjesto tvrtke koje pru\u017eaju odre\u0111ene usluge koje nudimo. Ovi Kola\u010di\u0107i omogu\u0107uju tre\u0107im stranama da prikupljaju i prate odre\u0111ene podatke o Vama. Ovi se Kola\u010di\u0107i mogu ru\u010dno onemogu\u0107iti u va\u0161em pregledniku.<\/p><p><br \/>KONTROLA KOLA\u010cI\u0106A<\/p><p>Ve\u0107ina preglednika prema zadanim postavkama prihva\u0107a Kola\u010di\u0107e. Me\u0111utim, Kola\u010di\u0107e mo\u017eete ukloniti ili odbiti u postavkama preglednika. Imajte na umu da bi takva radnja mogla utjecati na dostupnost i funkcionalnost web stranice.<\/p><p>Za vi\u0161e informacija o kontroli Kola\u010di\u0107a provjerite u postavkama preglednika ili ure\u0111aja kako mo\u017eete kontrolirati ili odbiti Kola\u010di\u0107e.<br \/>Osim toga, mo\u017eete odbiti neke Kola\u010di\u0107e tre\u0107ih strana putem Alata za isklju\u010divanje Network Advertising Initiative.<\/p><p>OSTALE TEHNOLOGIJE PRA\u0106ENJA<\/p><p>Uz Kola\u010di\u0107e, na web mjestu mo\u017eemo koristiti i druge tehnologije pra\u0107enja kako bismo pomogli prilagoditi web mjesto i pobolj\u0161ali Va\u0161e iskustvo. &#8220;Web svjetionik&#8221; ili &#8220;oznaka piksela&#8221; maleni je objekt ili slika ugra\u0111ena u web stranicu ili e-po\u0161tu. Koriste se za pra\u0107enje broja korisnika koji su posjetili odre\u0111ene stranice i pregledali e-po\u0161tu te pribavili druge statisti\u010dke podatke. Prikupljaju samo ograni\u010deni skup podataka, kao \u0161to su broj Kola\u010di\u0107a, vrijeme i datum pregleda stranice ili e-po\u0161te i opis stranice ili e-po\u0161te na kojoj borave. Web svjetionici i pikselske oznake ne mogu se odbiti. Me\u0111utim, mo\u017eete ograni\u010diti njihovu upotrebu kontroliraju\u0107i kola\u010di\u0107e koji su u interakciji s njima.<\/p><p><br \/>POLITIKA PRIVATNOSTI<\/p><p>Za vi\u0161e informacija o tome kako koristimo podatke prikupljene Kola\u010di\u0107ima i drugim tehnologijama pra\u0107enja, molimo pogledajte na\u0161e Uvjete kori\u0161tenja objavljene na web stranici. Ova Pravila o Kola\u010di\u0107ima dio su i ugra\u0111eni su u na\u0161e Uvjete kori\u0161tenja. Kori\u0161tenjem web mjesta pristajete na to da Vas obvezuju ova Pravila o Kola\u010di\u0107ima i na\u0161i Uvjeti kori\u0161tenja.<\/p><p><br \/>Zahvaljujemo Vam na posjeti stranici https:\/\/dugasamrvicama.com\/<br \/><br \/>Lijep pozdrav.<\/p>\t\t\t\t\t\t\t\t<\/div>\n\t\t\t\t<\/div>\n\t\t\t\t\t<\/div>\n\t\t<\/div>\n\t\t\t\t\t<\/div>\n\t\t<\/section>\n\t\t\t\t<\/div>\n\t\t","protected":false},"excerpt":{"rendered":"<p>UVJETI KORI\u0160TENJA UVJETI KORI\u0160TENJA OBJAVLJENOG SADR\u017dAJA SA STRANICE https:\/\/dugasamrvicama.com\/ Posljednje a\u017euriranje 6. travnja 2023. godine Dozvoljavam upotrebu u nekomercijalne svrhe mojih objavljenih fotografija.Tako\u0111er dozvoljavam kopiranje teksta ukoliko je tekst moje izvorno djelo. Ne mogu dozvoliti kopiranje i slobodnu upotrebu dijelova stranica koje su izvor tre\u0107e strane, poput teksta ili fotografija sa stranice Wikipedija, Google Maps, [&hellip;]<\/p>\n","protected":false},"author":1,"featured_media":0,"parent":0,"menu_order":0,"comment_status":"closed","ping_status":"closed","template":"","meta":{"ocean_post_layout":"","ocean_both_sidebars_style":"","ocean_both_sidebars_content_width":0,"ocean_both_sidebars_sidebars_width":0,"ocean_sidebar":"0","ocean_second_sidebar":"0","ocean_disable_margins":"enable","ocean_add_body_class":"","ocean_shortcode_before_top_bar":"","ocean_shortcode_after_top_bar":"","ocean_shortcode_before_header":"","ocean_shortcode_after_header":"","ocean_has_shortcode":"","ocean_shortcode_after_title":"","ocean_shortcode_before_footer_widgets":"","ocean_shortcode_after_footer_widgets":"","ocean_shortcode_before_footer_bottom":"","ocean_shortcode_after_footer_bottom":"","ocean_display_top_bar":"default","ocean_display_header":"default","ocean_header_style":"","ocean_center_header_left_menu":"0","ocean_custom_header_template":"0","ocean_custom_logo":0,"ocean_custom_retina_logo":0,"ocean_custom_logo_max_width":0,"ocean_custom_logo_tablet_max_width":0,"ocean_custom_logo_mobile_max_width":0,"ocean_custom_logo_max_height":0,"ocean_custom_logo_tablet_max_height":0,"ocean_custom_logo_mobile_max_height":0,"ocean_header_custom_menu":"0","ocean_menu_typo_font_family":"0","ocean_menu_typo_font_subset":"","ocean_menu_typo_font_size":0,"ocean_menu_typo_font_size_tablet":0,"ocean_menu_typo_font_size_mobile":0,"ocean_menu_typo_font_size_unit":"px","ocean_menu_typo_font_weight":"","ocean_menu_typo_font_weight_tablet":"","ocean_menu_typo_font_weight_mobile":"","ocean_menu_typo_transform":"","ocean_menu_typo_transform_tablet":"","ocean_menu_typo_transform_mobile":"","ocean_menu_typo_line_height":0,"ocean_menu_typo_line_height_tablet":0,"ocean_menu_typo_line_height_mobile":0,"ocean_menu_typo_line_height_unit":"","ocean_menu_typo_spacing":0,"ocean_menu_typo_spacing_tablet":0,"ocean_menu_typo_spacing_mobile":0,"ocean_menu_typo_spacing_unit":"","ocean_menu_link_color":"","ocean_menu_link_color_hover":"","ocean_menu_link_color_active":"","ocean_menu_link_background":"","ocean_menu_link_hover_background":"","ocean_menu_link_active_background":"","ocean_menu_social_links_bg":"","ocean_menu_social_hover_links_bg":"","ocean_menu_social_links_color":"","ocean_menu_social_hover_links_color":"","ocean_disable_title":"default","ocean_disable_heading":"default","ocean_post_title":"","ocean_post_subheading":"","ocean_post_title_style":"","ocean_post_title_background_color":"","ocean_post_title_background":0,"ocean_post_title_bg_image_position":"","ocean_post_title_bg_image_attachment":"","ocean_post_title_bg_image_repeat":"","ocean_post_title_bg_image_size":"","ocean_post_title_height":0,"ocean_post_title_bg_overlay":0.5,"ocean_post_title_bg_overlay_color":"","ocean_disable_breadcrumbs":"default","ocean_breadcrumbs_color":"","ocean_breadcrumbs_separator_color":"","ocean_breadcrumbs_links_color":"","ocean_breadcrumbs_links_hover_color":"","ocean_display_footer_widgets":"default","ocean_display_footer_bottom":"default","ocean_custom_footer_template":"0","footnotes":""},"class_list":["post-882","page","type-page","status-publish","hentry","entry"],"yoast_head":"<!-- This site is optimized with the Yoast SEO plugin v27.5 - https:\/\/yoast.com\/product\/yoast-seo-wordpress\/ -->\n<title>Uvjeti kori\u0161tenja - Duga sa mrvicama by \u017deljka Peji\u0107 Benko<\/title>\n<meta name=\"robots\" content=\"index, follow, max-snippet:-1, max-image-preview:large, max-video-preview:-1\" \/>\n<link rel=\"canonical\" href=\"https:\/\/dugasamrvicama.com\/index.php\/uvjeti-koristenja\/\" \/>\n<meta property=\"og:locale\" content=\"en_US\" \/>\n<meta property=\"og:type\" content=\"article\" \/>\n<meta property=\"og:title\" content=\"Uvjeti kori\u0161tenja - Duga sa mrvicama by \u017deljka Peji\u0107 Benko\" \/>\n<meta property=\"og:description\" content=\"UVJETI KORI\u0160TENJA UVJETI KORI\u0160TENJA OBJAVLJENOG SADR\u017dAJA SA STRANICE https:\/\/dugasamrvicama.com\/ Posljednje a\u017euriranje 6. travnja 2023. godine Dozvoljavam upotrebu u nekomercijalne svrhe mojih objavljenih fotografija.Tako\u0111er dozvoljavam kopiranje teksta ukoliko je tekst moje izvorno djelo. Ne mogu dozvoliti kopiranje i slobodnu upotrebu dijelova stranica koje su izvor tre\u0107e strane, poput teksta ili fotografija sa stranice Wikipedija, Google Maps, [&hellip;]\" \/>\n<meta property=\"og:url\" content=\"https:\/\/dugasamrvicama.com\/index.php\/uvjeti-koristenja\/\" \/>\n<meta property=\"og:site_name\" content=\"Duga sa mrvicama by \u017deljka Peji\u0107 Benko\" \/>\n<meta property=\"article:modified_time\" content=\"2023-04-06T09:44:28+00:00\" \/>\n<meta name=\"twitter:card\" content=\"summary_large_image\" \/>\n<meta name=\"twitter:label1\" content=\"Est. reading time\" \/>\n\t<meta name=\"twitter:data1\" content=\"6 minutes\" \/>\n<script type=\"application\/ld+json\" class=\"yoast-schema-graph\">{\"@context\":\"https:\\\/\\\/schema.org\",\"@graph\":[{\"@type\":\"WebPage\",\"@id\":\"https:\\\/\\\/dugasamrvicama.com\\\/index.php\\\/uvjeti-koristenja\\\/\",\"url\":\"https:\\\/\\\/dugasamrvicama.com\\\/index.php\\\/uvjeti-koristenja\\\/\",\"name\":\"Uvjeti kori\u0161tenja - Duga sa mrvicama by \u017deljka Peji\u0107 Benko\",\"isPartOf\":{\"@id\":\"https:\\\/\\\/dugasamrvicama.com\\\/#website\"},\"datePublished\":\"2023-04-06T09:41:23+00:00\",\"dateModified\":\"2023-04-06T09:44:28+00:00\",\"breadcrumb\":{\"@id\":\"https:\\\/\\\/dugasamrvicama.com\\\/index.php\\\/uvjeti-koristenja\\\/#breadcrumb\"},\"inLanguage\":\"en-US\",\"potentialAction\":[{\"@type\":\"ReadAction\",\"target\":[\"https:\\\/\\\/dugasamrvicama.com\\\/index.php\\\/uvjeti-koristenja\\\/\"]}]},{\"@type\":\"BreadcrumbList\",\"@id\":\"https:\\\/\\\/dugasamrvicama.com\\\/index.php\\\/uvjeti-koristenja\\\/#breadcrumb\",\"itemListElement\":[{\"@type\":\"ListItem\",\"position\":1,\"name\":\"Home\",\"item\":\"https:\\\/\\\/dugasamrvicama.com\\\/\"},{\"@type\":\"ListItem\",\"position\":2,\"name\":\"Uvjeti kori\u0161tenja\"}]},{\"@type\":\"WebSite\",\"@id\":\"https:\\\/\\\/dugasamrvicama.com\\\/#website\",\"url\":\"https:\\\/\\\/dugasamrvicama.com\\\/\",\"name\":\"Duga sa mrvicama by \u017deljka Peji\u0107 Benko\",\"description\":\"Duga Sa Mrvicama\",\"potentialAction\":[{\"@type\":\"SearchAction\",\"target\":{\"@type\":\"EntryPoint\",\"urlTemplate\":\"https:\\\/\\\/dugasamrvicama.com\\\/?s={search_term_string}\"},\"query-input\":{\"@type\":\"PropertyValueSpecification\",\"valueRequired\":true,\"valueName\":\"search_term_string\"}}],\"inLanguage\":\"en-US\"}]}<\/script>\n<!-- \/ Yoast SEO plugin. -->","yoast_head_json":{"title":"Uvjeti kori\u0161tenja - Duga sa mrvicama by \u017deljka Peji\u0107 Benko","robots":{"index":"index","follow":"follow","max-snippet":"max-snippet:-1","max-image-preview":"max-image-preview:large","max-video-preview":"max-video-preview:-1"},"canonical":"https:\/\/dugasamrvicama.com\/index.php\/uvjeti-koristenja\/","og_locale":"en_US","og_type":"article","og_title":"Uvjeti kori\u0161tenja - Duga sa mrvicama by \u017deljka Peji\u0107 Benko","og_description":"UVJETI KORI\u0160TENJA UVJETI KORI\u0160TENJA OBJAVLJENOG SADR\u017dAJA SA STRANICE https:\/\/dugasamrvicama.com\/ Posljednje a\u017euriranje 6. travnja 2023. godine Dozvoljavam upotrebu u nekomercijalne svrhe mojih objavljenih fotografija.Tako\u0111er dozvoljavam kopiranje teksta ukoliko je tekst moje izvorno djelo. Ne mogu dozvoliti kopiranje i slobodnu upotrebu dijelova stranica koje su izvor tre\u0107e strane, poput teksta ili fotografija sa stranice Wikipedija, Google Maps, [&hellip;]","og_url":"https:\/\/dugasamrvicama.com\/index.php\/uvjeti-koristenja\/","og_site_name":"Duga sa mrvicama by \u017deljka Peji\u0107 Benko","article_modified_time":"2023-04-06T09:44:28+00:00","twitter_card":"summary_large_image","twitter_misc":{"Est. reading time":"6 minutes"},"schema":{"@context":"https:\/\/schema.org","@graph":[{"@type":"WebPage","@id":"https:\/\/dugasamrvicama.com\/index.php\/uvjeti-koristenja\/","url":"https:\/\/dugasamrvicama.com\/index.php\/uvjeti-koristenja\/","name":"Uvjeti kori\u0161tenja - Duga sa mrvicama by \u017deljka Peji\u0107 Benko","isPartOf":{"@id":"https:\/\/dugasamrvicama.com\/#website"},"datePublished":"2023-04-06T09:41:23+00:00","dateModified":"2023-04-06T09:44:28+00:00","breadcrumb":{"@id":"https:\/\/dugasamrvicama.com\/index.php\/uvjeti-koristenja\/#breadcrumb"},"inLanguage":"en-US","potentialAction":[{"@type":"ReadAction","target":["https:\/\/dugasamrvicama.com\/index.php\/uvjeti-koristenja\/"]}]},{"@type":"BreadcrumbList","@id":"https:\/\/dugasamrvicama.com\/index.php\/uvjeti-koristenja\/#breadcrumb","itemListElement":[{"@type":"ListItem","position":1,"name":"Home","item":"https:\/\/dugasamrvicama.com\/"},{"@type":"ListItem","position":2,"name":"Uvjeti kori\u0161tenja"}]},{"@type":"WebSite","@id":"https:\/\/dugasamrvicama.com\/#website","url":"https:\/\/dugasamrvicama.com\/","name":"Duga sa mrvicama by \u017deljka Peji\u0107 Benko","description":"Duga Sa Mrvicama","potentialAction":[{"@type":"SearchAction","target":{"@type":"EntryPoint","urlTemplate":"https:\/\/dugasamrvicama.com\/?s={search_term_string}"},"query-input":{"@type":"PropertyValueSpecification","valueRequired":true,"valueName":"search_term_string"}}],"inLanguage":"en-US"}]}},"_links":{"self":[{"href":"https:\/\/dugasamrvicama.com\/index.php\/wp-json\/wp\/v2\/pages\/882","targetHints":{"allow":["GET"]}}],"collection":[{"href":"https:\/\/dugasamrvicama.com\/index.php\/wp-json\/wp\/v2\/pages"}],"about":[{"href":"https:\/\/dugasamrvicama.com\/index.php\/wp-json\/wp\/v2\/types\/page"}],"author":[{"embeddable":true,"href":"https:\/\/dugasamrvicama.com\/index.php\/wp-json\/wp\/v2\/users\/1"}],"replies":[{"embeddable":true,"href":"https:\/\/dugasamrvicama.com\/index.php\/wp-json\/wp\/v2\/comments?post=882"}],"version-history":[{"count":7,"href":"https:\/\/dugasamrvicama.com\/index.php\/wp-json\/wp\/v2\/pages\/882\/revisions"}],"predecessor-version":[{"id":889,"href":"https:\/\/dugasamrvicama.com\/index.php\/wp-json\/wp\/v2\/pages\/882\/revisions\/889"}],"wp:attachment":[{"href":"https:\/\/dugasamrvicama.com\/index.php\/wp-json\/wp\/v2\/media?parent=882"}],"curies":[{"name":"wp","href":"https:\/\/api.w.org\/{rel}","templated":true}]}}